{"id":1931,"date":"2025-09-08T12:35:57","date_gmt":"2025-09-08T10:35:57","guid":{"rendered":"https:\/\/www.cabeatrice.com\/habitaciones\/"},"modified":"2025-09-08T12:35:57","modified_gmt":"2025-09-08T10:35:57","slug":"habitaciones","status":"publish","type":"page","link":"https:\/\/www.cabeatrice.com\/es\/habitaciones\/","title":{"rendered":"Habitaciones"},"content":{"rendered":"<p>[vc_row full_width=\u00bbstretch_row_content\u00bb][vc_column]\n\t\t\t<!-- START Camere REVOLUTION SLIDER 6.4.5 --><p class=\"rs-p-wp-fix\"><\/p>\n\t\t\t<rs-module-wrap id=\"rev_slider_4_1_wrapper\" data-source=\"gallery\" style=\"background:transparent;padding:0;\">\n\t\t\t\t<rs-module id=\"rev_slider_4_1\" style=\"\" data-version=\"6.4.5\">\n\t\t\t\t\t<rs-slides>\n\t\t\t\t\t\t<rs-slide data-key=\"rs-10\" data-title=\"Slide\" data-in=\"o:0;\" data-out=\"a:false;\">\n\t\t\t\t\t\t\t<img loading=\"lazy\" decoding=\"async\" src=\"\/\/www.cabeatrice.com\/wp-content\/uploads\/2025\/07\/CaBeatrice-DSC07783.jpg\" title=\"CaBeatrice-DSC07783\" width=\"2560\" height=\"1707\" class=\"rev-slidebg tp-rs-img\" data-no-retina>\n<!---->\t\t\t\t\t\t<\/rs-slide>\n\t\t\t\t\t<\/rs-slides>\n\t\t\t\t<\/rs-module>\n\t\t\t\t<script type=\"text\/javascript\">\n\t\t\t\t\tsetREVStartSize({c: 'rev_slider_4_1',rl:[1240,1024,778,480],el:[900],gw:[1240],gh:[900],type:'standard',justify:'',layout:'fullscreen',offsetContainer:'',offset:'',mh:\"0\"});\n\t\t\t\t\tvar\trevapi4,\n\t\t\t\t\t\ttpj;\n\t\t\t\t\tfunction revinit_revslider41() {\n\t\t\t\t\tjQuery(function() {\n\t\t\t\t\t\ttpj = jQuery;\n\t\t\t\t\t\trevapi4 = tpj(\"#rev_slider_4_1\");\n\t\t\t\t\t\tif(revapi4==undefined || revapi4.revolution == undefined){\n\t\t\t\t\t\t\trevslider_showDoubleJqueryError(\"rev_slider_4_1\");\n\t\t\t\t\t\t}else{\n\t\t\t\t\t\t\trevapi4.revolution({\n\t\t\t\t\t\t\t\tsliderLayout:\"fullscreen\",\n\t\t\t\t\t\t\t\tvisibilityLevels:\"1240,1024,778,480\",\n\t\t\t\t\t\t\t\tgridwidth:1240,\n\t\t\t\t\t\t\t\tgridheight:900,\n\t\t\t\t\t\t\t\tperspective:600,\n\t\t\t\t\t\t\t\tperspectiveType:\"global\",\n\t\t\t\t\t\t\t\teditorheight:\"900,768,960,720\",\n\t\t\t\t\t\t\t\tresponsiveLevels:\"1240,1024,778,480\",\n\t\t\t\t\t\t\t\tprogressBar:{disableProgressBar:true},\n\t\t\t\t\t\t\t\tnavigation: {\n\t\t\t\t\t\t\t\t\tonHoverStop:false\n\t\t\t\t\t\t\t\t},\n\t\t\t\t\t\t\t\tfallbacks: {\n\t\t\t\t\t\t\t\t\tallowHTML5AutoPlayOnAndroid:true\n\t\t\t\t\t\t\t\t},\n\t\t\t\t\t\t\t});\n\t\t\t\t\t\t}\n\t\t\t\t\t\t\n\t\t\t\t\t});\n\t\t\t\t\t} \/\/ End of RevInitScript\n\t\t\t\tvar once_revslider41 = false;\n\t\t\t\tif (document.readyState === \"loading\") {document.addEventListener('readystatechange',function() { if((document.readyState === \"interactive\" || document.readyState === \"complete\") && !once_revslider41 ) { once_revslider41 = true; revinit_revslider41();}});} else {once_revslider41 = true; revinit_revslider41();}\n\t\t\t\t<\/script>\n\t\t\t<\/rs-module-wrap>\n\t\t\t<!-- END REVOLUTION SLIDER -->\n[vc_raw_html]PGRpdiBjbGFzcz0iYXJyb3ctd3JhcHBlciI+PGRpdiBjbGFzcz0iYXJyb3ciPjwvZGl2PjwvZGl2Pg==[\/vc_raw_html][\/vc_column][\/vc_row][vc_row full_width=\u00bbstretch_row_content\u00bb][vc_column][vc_empty_space height=\u00bb100px\u00bb][vc_column_text]<\/p>\n<h1 style=\"text-align: center;\">HABITACIONES<\/h1>\n<p>[\/vc_column_text][vc_empty_space height=\u00bb50px\u00bb][\/vc_column][\/vc_row][vc_row css=\u00bb.vc_custom_1653557960187{padding-top: 10px !important;padding-bottom: 50px !important;}\u00bb][vc_column][vc_column_text]<\/p>\n<p style=\"text-align: center;\">Las habitaciones, reci\u00e9n renovadas para ofrecer el m\u00e1ximo confort, son la opci\u00f3n ideal para una estancia en el centro hist\u00f3rico de Venecia.<\/p>\n<p style=\"text-align: center;\">\u00abCa&#8217; Beatrice ofrece aire acondicionado, calefacci\u00f3n independiente, minibar, TV-SAT de pantalla plana, caja fuerte, wi-fi y secador de pelo en cada habitaci\u00f3n.<br \/>\nAdem\u00e1s, los ba\u00f1os privados est\u00e1n equipados con toallas suaves y art\u00edculos de aseo gratuitos.\u00bb<\/p>\n<p>[\/vc_column_text][\/vc_column][\/vc_row][vc_row css=\u00bb.vc_custom_1682629348385{padding-top: 40px !important;padding-bottom: 40px !important;}\u00bb][vc_column]\r\n\t\t\t\t<style type='text\/css'>\r\n\t\t\t\t\t#gallery-1 {\r\n\t\t\t\t\tmargin: auto;\r\n\t\t\t\t\t}\r\n\t\t\t\t\t#gallery-1 .fg-gallery-item {\r\n\t\t\t\t\tfloat: left;\r\n\t\t\t\t\tmargin-top: 10px;\r\n\t\t\t\t\ttext-align: center;\r\n\t\t\t\t\twidth: 25%;\r\n\t\t\t\t\t}\r\n\t\t\t\t\t#gallery-1 .fg-gallery-caption {\r\n\t\t\t\t\tmargin-left: 0;\r\n\t\t\t\t\t}\r\n\t\t\t\t\t#gallery-1.fastgallery .fg-gallery-caption, \r\n\t\t\t\t\t#gallery-1.fastgallery .fg-gallery-caption:hover {\r\n\t\t\t\t\t\tbackground-color:rgba( 252 , 97 , 93 , 1);\r\n\t\t\t\t\t}\r\n\t\t\t\t\t#gallery-1.fastgallery.gallery .fastgallery-gallery-icon.fg_zoom a, \r\n\t\t\t\t\t#gallery-1.fastgallery.gallery .fastgallery-gallery-icon.fg_zoom a:hover {\r\n\t\t\t\t\t\tcolor:#FC615D;\r\n\t\t\t\t\t}\r\n\t\t\t\t\t#gallery-1.fastgallery.fg_style1 .fg-gallery-caption {\r\n\t\t\t\t\t\tcolor:#FFFFFF;\t\r\n\t\t\t\t\t}\r\n\t\t\t\t\t#gallery-1.fastgallery.gallery.fg_style2 .fastgallery-gallery-icon.fg_zoom a {\r\n\t\t\t\t\t\tbackground:rgba( 255 , 255 , 255 , 0.3);\r\n\t\t\t\t\t}\r\n\t\t\t\t\t#gallery-1.fastgallery.fg_style2 .fg-gallery-caption {\r\n\t\t\t\t\t\tcolor:#FFFFFF;\t\r\n\t\t\t\t\t}\t\t\t\r\n\t\t\t\t\t#gallery-1.fastgallery.gallery.fg_style3 .fg_zoom, \r\n\t\t\t\t\t#gallery-1.fastgallery.gallery.fg_style3 .fg_zoom:hover {\r\n\t\t\t\t\t\tbackground:rgba( 252 , 97 , 93 , 1);\r\n\t\t\t\t\t}\r\n\t\t\t\t\t#gallery-1.fastgallery.fg_style3 .fg-gallery-caption {\r\n\t\t\t\t\t\tcolor:#FFFFFF;\t\r\n\t\t\t\t\t}\t\t\t\t\r\n\t\t\t\t\t#gallery-1.fastgallery.fg_style4 .fg-gallery-caption,\t\t\t\r\n\t\t\t\t\t#gallery-1.fastgallery.gallery.fg_style4 .fastgallery-gallery-icon.fg_zoom a, \r\n\t\t\t\t\t#gallery-1.fastgallery.gallery.fg_style4 .fastgallery-gallery-icon.fg_zoom a:hover {\r\n\t\t\t\t\t\tcolor:#FFFFFF;\r\n\t\t\t\t\t}\r\n\t\t\t\t\t#gallery-1.fastgallery.gallery.fg_style4 .fastgallery-gallery-icon.fg_zoom a, \r\n\t\t\t\t\t#gallery-1.fastgallery.gallery.fg_style4 .fastgallery-gallery-icon.fg_zoom a:hover,\r\n\t\t\t\t\t#gallery-1.fastgallery.gallery.fg_style4 .fg-photoswipe .fastgallery-mask\t{\r\n\t\t\t\t\t\tbackground:rgba( 252 , 97 , 93 , 1);\r\n\t\t\t\t\t}\t\t\t\r\n\t\t\t\t\t#gallery-1.fastgallery.gallery.fg_style5 .fastgallery-gallery-icon.fg_zoom a, \r\n\t\t\t\t\t#gallery-1.fastgallery.gallery.fg_style5 .fastgallery-gallery-icon.fg_zoom a:hover {\r\n\t\t\t\t\t\tcolor:#FFFFFF;\r\n\t\t\t\t\t}\r\n\t\t\t\t\t#gallery-1.fastgallery.gallery.fg_style5 .fg-photoswipe .fastgallery-mask\t{\r\n\t\t\t\t\t\tbackground-color:rgba( 252 , 97 , 93 , 1);\r\n\t\t\t\t\t}\t\t\t\t\t\t\t\t\t\t\t\r\n\t\t\t\t\t#gallery-1.fastgallery.gallery.fg_style6 .fastgallery-gallery-icon.fg_zoom a,\r\n\t\t\t\t\t#gallery-1.fastgallery.gallery.fg_style6 .fastgallery-gallery-icon.fg_zoom a:hover {\r\n\t\t\t\t\t\tcolor:#FFFFFF;\r\n\t\t\t\t\t\tbackground:rgba( 252 , 97 , 93 , 1);\t\t\t\t\r\n\t\t\t\t\t}\r\n\t\t\t\t\t#gallery-1.fastgallery.gallery.fg_style6 .fg-photoswipe .fastgallery-mask\t{\r\n\t\t\t\t\t\tbackground:rgba( 252 , 97 , 93 , 1);\r\n\t\t\t\t\t}\t\t\t\t\r\n\t\t\t\t\t#gallery-1.fastgallery.fg_style6 .fg-gallery-caption {\r\n\t\t\t\t\t\tcolor:#FFFFFF;\t\r\n\t\t\t\t\t}\r\n\t\t\t\t\t#gallery-1.fastgallery.gallery.fg_style7 .fastgallery-gallery-icon.fg_zoom a,\r\n\t\t\t\t\t#gallery-1.fastgallery.gallery.fg_style7 .fastgallery-gallery-icon.fg_zoom a:hover {\r\n\t\t\t\t\t\tcolor:#FFFFFF;\r\n\t\t\t\t\t\tbackground:rgba( 252 , 97 , 93 , 1);\t\t\t\t\r\n\t\t\t\t\t}\r\n\t\t\t\t\t#gallery-1.fastgallery.gallery.fg_style7 .fg-photoswipe .fastgallery-mask\t{\r\n\t\t\t\t\t\tbackground:rgba( 252 , 97 , 93 , 1);\r\n\t\t\t\t\t}\t\t\r\n\t\t\t\t\t#gallery-1.fastgallery.fg_style7 .fg-gallery-caption {\r\n\t\t\t\t\t\tcolor:#FFFFFF;\t\r\n\t\t\t\t\t}\r\n\t\t\t\t\t\r\n\t\t\t\t\t#gallery-1.fastgallery.gallery.fg_style8 .fastgallery-gallery-icon.fg_zoom a,\r\n\t\t\t\t\t#gallery-1.fastgallery.gallery.fg_style8 .fastgallery-gallery-icon.fg_zoom a:hover {\r\n\t\t\t\t\t\tcolor:#FFFFFF;\r\n\t\t\t\t\t\tbackground:rgba( 252 , 97 , 93 , 1);\t\t\t\t\r\n\t\t\t\t\t}\r\n\r\n\t\t\t\t\t#gallery-1.fastgallery.gallery.fg_style8 .fg-photoswipe .fastgallery-mask\t{\r\n\t\t\t\t\t\tbackground:rgba( 252 , 97 , 93 , 1);\r\n\t\t\t\t\t}\t\r\n\t\t\t\t\r\n\t\t\t\t\t#gallery-1.fastgallery.fg_style8 .fg-gallery-caption {\r\n\t\t\t\t\t\tcolor:#FFFFFF;\t\r\n\t\t\t\t\t}\r\n\t\t\t\t\t\r\n\t\t\t\t\t#gallery-1.fastgallery.gallery.fg_style9 .fastgallery-gallery-icon.fg_zoom a,\r\n\t\t\t\t\t#gallery-1.fastgallery.gallery.fg_style9 .fastgallery-gallery-icon.fg_zoom a:hover {\r\n\t\t\t\t\t\tcolor:#FFFFFF;\t\t\t\t\r\n\t\t\t\t\t}\r\n\t\t\t\t\t#gallery-1.fastgallery.gallery.fg_style9 .fg-photoswipe .fastgallery-mask\t{\r\n\t\t\t\t\t\tbackground:rgba( 252 , 97 , 93 , 1);\r\n\t\t\t\t\t}\t\t\t\t\t\t\t\r\n\t\t\t\t\t#gallery-1.fastgallery.fg_style9 .fg-gallery-caption {\r\n\t\t\t\t\t\tcolor:#FFFFFF;\t\r\n\t\t\t\t\t}\r\n\t\t\t\t\t\r\n\t\t\t\t\t#gallery-1.fastgallery.gallery.fg_style10 .fastgallery-gallery-icon.fg_zoom a,\r\n\t\t\t\t\t#gallery-1.fastgallery.gallery.fg_style10 .fastgallery-gallery-icon.fg_zoom a:hover {\r\n\t\t\t\t\t\tcolor:#FFFFFF;\r\n\t\t\t\t\t\tbackground:rgba( 252 , 97 , 93 , 1);\t\t\t\t\r\n\t\t\t\t\t}\r\n\t\t\t\t\t#gallery-1.fastgallery.gallery.fg_style10 .fg-photoswipe .fastgallery-mask\t{\r\n\t\t\t\t\t\tbackground:rgba( 252 , 97 , 93 , 1);\r\n\t\t\t\t\t}\t\t\t\t\t\t\t\r\n\t\t\t\t\t#gallery-1.fastgallery.fg_style10 .fg-gallery-caption {\r\n\t\t\t\t\t\tcolor:#FFFFFF;\t\r\n\t\t\t\t\t}\r\n\t\t\t\t\t#gallery-1.fastgallery.fg_style11 .fg-gallery-caption {\r\n\t\t\t\t\t\tcolor:#FFFFFF;\t\r\n\t\t\t\t\t}\r\n\t\t\t\t\t#gallery-1.fastgallery.fg_style11 .fastgallery-gallery-icon.fg_zoom a, \r\n\t\t\t\t\t#gallery-1.fastgallery.fg_style11 .fastgallery-gallery-icon.fg_zoom a:hover {\r\n\t\t\t\t\t\tcolor:#FC615D;\r\n\t\t\t\t\t\tbackground:rgba( 255 , 255 , 255 , 0.3);\r\n\t\t\t\t\t}\r\n\t\t\t\t\t#gallery-1.fastgallery.fg_style12 .fg-gallery-caption {\r\n\t\t\t\t\t\tcolor:#FFFFFF;\t\r\n\t\t\t\t\t}\r\n\t\t\t\t\t#gallery-1.fastgallery.fg_style12 .fastgallery-gallery-icon.fg_zoom a, \r\n\t\t\t\t\t#gallery-1.fastgallery.fg_style12 .fastgallery-gallery-icon.fg_zoom a:hover {\r\n\t\t\t\t\t\tcolor:#FC615D;\r\n\t\t\t\t\t\tbackground:rgba( 255 , 255 , 255 , 0.3);\r\n\t\t\t\t\t}\t\t\t\t\t\t\t\t\t\t\t\t\t\t\t\t\t\t\t\t\t\t\t\t\t\r\n\t\t\t\t\t\/* THUMBS ONE ON *\/\r\n\t\t\t\t\t#gallery-1.fastgallery.fg_thumbs_one .fg-gallery-item {\r\n\t\t\t\t\t\tdisplay:none;\r\n\t\t\t\t\t}\r\n\t\t\t\t\t#gallery-1.fastgallery.fg_thumbs_one .fg-gallery-item:first-child {\r\n\t\t\t\t\t\tdisplay:block;\r\n\t\t\t\t\t}\r\n\t\t\t\t\t#gallery-1.fastgallery.fg_thumbs_one {\r\n\t\t\t\t\t\twidth:auto!important;\r\n\t\t\t\t\t}\r\n\t\t\t\t<\/style><div id='gallery-1' class='gallery galleryid-1 gallery-columns-4 gallery-size-fg-normal fastgallery brick-masonry fg_responsive fg_style1 off  fg_over_image_on'><div class='fg-photoswipe'><figure class='fg-gallery-item fastgallery-gallery-icon no-caption fg_zoom'>\r\n\t\t\t\t\t\t\t\t\t\t<a href=\"https:\/\/www.cabeatrice.com\/wp-content\/uploads\/2025\/07\/CaBeatrice-DSC07781-1024x683.jpg\" itemprop=\"contentUrl\" data-size=\"1024x683\">\r\n\t\t\t\t\t\t\t\t\t\t\t<img loading=\"lazy\" decoding=\"async\" width=\"800\" height=\"800\" src=\"https:\/\/www.cabeatrice.com\/wp-content\/uploads\/2025\/07\/CaBeatrice-DSC07781-800x800.jpg\" class=\"attachment-fg-normal size-fg-normal\" alt=\"\" \/><span class='fg-zoom-icon icon-plus'><\/span>\r\n\t\t\t\t\t\t\t\t\t\t<\/a>\r\n\t\t\t\t\t\t\t\t\t\t<figcaption itemprop=\"caption description\"> <\/figcaption><\/figure><figure class='fg-gallery-item fastgallery-gallery-icon no-caption fg_zoom'>\r\n\t\t\t\t\t\t\t\t\t\t<a href=\"https:\/\/www.cabeatrice.com\/wp-content\/uploads\/2025\/07\/CaBeatrice-DSC03520-HDR-copia-1024x683.jpg\" itemprop=\"contentUrl\" data-size=\"1024x683\">\r\n\t\t\t\t\t\t\t\t\t\t\t<img loading=\"lazy\" decoding=\"async\" width=\"800\" height=\"800\" src=\"https:\/\/www.cabeatrice.com\/wp-content\/uploads\/2025\/07\/CaBeatrice-DSC03520-HDR-copia-800x800.jpg\" class=\"attachment-fg-normal size-fg-normal\" alt=\"\" \/><span class='fg-zoom-icon icon-plus'><\/span>\r\n\t\t\t\t\t\t\t\t\t\t<\/a>\r\n\t\t\t\t\t\t\t\t\t\t<figcaption itemprop=\"caption description\"> <\/figcaption><\/figure><figure class='fg-gallery-item fastgallery-gallery-icon no-caption fg_zoom'>\r\n\t\t\t\t\t\t\t\t\t\t<a href=\"https:\/\/www.cabeatrice.com\/wp-content\/uploads\/2025\/07\/CaBeatrice-DSC03622-copia-1024x683.jpg\" itemprop=\"contentUrl\" data-size=\"1024x683\">\r\n\t\t\t\t\t\t\t\t\t\t\t<img loading=\"lazy\" decoding=\"async\" width=\"800\" height=\"800\" src=\"https:\/\/www.cabeatrice.com\/wp-content\/uploads\/2025\/07\/CaBeatrice-DSC03622-copia-800x800.jpg\" class=\"attachment-fg-normal size-fg-normal\" alt=\"\" \/><span class='fg-zoom-icon icon-plus'><\/span>\r\n\t\t\t\t\t\t\t\t\t\t<\/a>\r\n\t\t\t\t\t\t\t\t\t\t<figcaption itemprop=\"caption description\"> <\/figcaption><\/figure><figure class='fg-gallery-item fastgallery-gallery-icon no-caption fg_zoom'>\r\n\t\t\t\t\t\t\t\t\t\t<a href=\"https:\/\/www.cabeatrice.com\/wp-content\/uploads\/2025\/07\/CaBeatrice-DSC07714-1024x683.jpg\" itemprop=\"contentUrl\" data-size=\"1024x683\">\r\n\t\t\t\t\t\t\t\t\t\t\t<img loading=\"lazy\" decoding=\"async\" width=\"800\" height=\"800\" src=\"https:\/\/www.cabeatrice.com\/wp-content\/uploads\/2025\/07\/CaBeatrice-DSC07714-800x800.jpg\" class=\"attachment-fg-normal size-fg-normal\" alt=\"\" \/><span class='fg-zoom-icon icon-plus'><\/span>\r\n\t\t\t\t\t\t\t\t\t\t<\/a>\r\n\t\t\t\t\t\t\t\t\t\t<figcaption itemprop=\"caption description\"> <\/figcaption><\/figure><\/div><\/div><div style=\"clear:both\"><\/div><div class=\"pswp\" tabindex=\"-1\" role=\"dialog\" aria-hidden=\"true\"><div class=\"pswp__bg\"><\/div>\r\n\t\t\t\t\t\t\t\t<div class=\"pswp__scroll-wrap\">\r\n\t\t\t\t\t\t\t\t\t<div class=\"pswp__container\">\r\n\t\t\t\t\t\t\t\t\t\t<div class=\"pswp__item\"><\/div>\r\n\t\t\t\t\t\t\t\t\t\t<div class=\"pswp__item\"><\/div>\r\n\t\t\t\t\t\t\t\t\t\t<div class=\"pswp__item\"><\/div>\r\n\t\t\t\t\t\t\t\t\t<\/div>\r\n\t\t\t\t\t\t\t\t\t<div class=\"pswp__ui pswp__ui--hidden\">\r\n\t\t\t\t\t\t\t\t\t\t<div class=\"pswp__top-bar\">\r\n\t\t\t\t\t\t\t\t\t\t\t<div class=\"pswp__counter\"><\/div>\r\n\t\t\t\t\t\t\t\t\t\t\t<button class=\"pswp__button pswp__button--close\" title=\"Close (Esc)\"><\/button>\r\n\t\t\t\t\t\t\t\t\t\t\t<button class=\"pswp__button pswp__button--share\" title=\"Share\"><\/button>\r\n\t\t\t\t\t\t\t\t\t\t\t<button class=\"pswp__button pswp__button--fs\" title=\"Toggle fullscreen\"><\/button>\r\n\t\t\t\t\t\t\t\t\t\t\t<button class=\"pswp__button pswp__button--zoom\" title=\"Zoom in\/out\"><\/button>\r\n\t\t\t\t\t\t\t\t\t\t\t<div class=\"pswp__preloader\">\r\n\t\t\t\t\t\t\t\t\t\t\t\t<div class=\"pswp__preloader__icn\">\r\n\t\t\t\t\t\t\t\t\t\t\t\t  <div class=\"pswp__preloader__cut\">\r\n\t\t\t\t\t\t\t\t\t\t\t\t\t<div class=\"pswp__preloader__donut\"><\/div>\r\n\t\t\t\t\t\t\t\t\t\t\t\t  <\/div>\r\n\t\t\t\t\t\t\t\t\t\t\t\t<\/div>\r\n\t\t\t\t\t\t\t\t\t\t\t<\/div>\r\n\t\t\t\t\t\t\t\t\t\t<\/div>\r\n\t\t\t\t\t\t\t\t\t\t<div class=\"pswp__share-modal pswp__share-modal--hidden pswp__single-tap\">\r\n\t\t\t\t\t\t\t\t\t\t\t<div class=\"pswp__share-tooltip\"><\/div> \r\n\t\t\t\t\t\t\t\t\t\t<\/div>\r\n\t\t\t\t\t\t\t\t\t\t<button class=\"pswp__button pswp__button--arrow--left\" title=\"Previous (arrow left)\">\r\n\t\t\t\t\t\t\t\t\t\t<\/button>\r\n\t\t\t\t\t\t\t\t\t\t<button class=\"pswp__button pswp__button--arrow--right\" title=\"Next (arrow right)\">\r\n\t\t\t\t\t\t\t\t\t\t<\/button>\r\n\t\t\t\t\t\t\t\t\t\t<div class=\"pswp__caption\">\r\n\t\t\t\t\t\t\t\t\t\t\t<div class=\"pswp__caption__center\"><\/div>\r\n\t\t\t\t\t\t\t\t\t\t<\/div>\r\n\t\t\t\t\t\t\t\t\t  <\/div>\r\n\t\t\t\t\t\t\t\t\t<\/div><\/div>[\/vc_column][\/vc_row]<\/p>\n","protected":false},"excerpt":{"rendered":"<p>[vc_row full_width=\u00bbstretch_row_content\u00bb][vc_column][vc_raw_html]PGRpdiBjbGFzcz0iYXJyb3ctd3JhcHBlciI+PGRpdiBjbGFzcz0iYXJyb3ciPjwvZGl2PjwvZGl2Pg==[\/vc_raw_html][\/vc_column][\/vc_row][vc_row full_width=\u00bbstretch_row_content\u00bb][vc_column][vc_empty_space height=\u00bb100px\u00bb][vc_column_text] HABITACIONES [\/vc_column_text][vc_empty_space height=\u00bb50px\u00bb][\/vc_column][\/vc_row][vc_row css=\u00bb.vc_custom_1653557960187{padding-top: 10px !important;padding-bottom: 50px !important;}\u00bb][vc_column][vc_column_text] Las habitaciones, reci\u00e9n renovadas para ofrecer el m\u00e1ximo confort, son la opci\u00f3n ideal para una estancia en el centro hist\u00f3rico de Venecia. \u00abCa&#8217; Beatrice ofrece aire acondicionado, calefacci\u00f3n independiente, minibar, TV-SAT de pantalla plana, caja fuerte, wi-fi y secador de pelo en cada&hellip;<\/p>\n","protected":false},"author":1,"featured_media":0,"parent":0,"menu_order":0,"comment_status":"closed","ping_status":"closed","template":"","meta":[],"_links":{"self":[{"href":"https:\/\/www.cabeatrice.com\/es\/wp-json\/wp\/v2\/pages\/1931"}],"collection":[{"href":"https:\/\/www.cabeatrice.com\/es\/wp-json\/wp\/v2\/pages"}],"about":[{"href":"https:\/\/www.cabeatrice.com\/es\/wp-json\/wp\/v2\/types\/page"}],"author":[{"embeddable":true,"href":"https:\/\/www.cabeatrice.com\/es\/wp-json\/wp\/v2\/users\/1"}],"replies":[{"embeddable":true,"href":"https:\/\/www.cabeatrice.com\/es\/wp-json\/wp\/v2\/comments?post=1931"}],"version-history":[{"count":2,"href":"https:\/\/www.cabeatrice.com\/es\/wp-json\/wp\/v2\/pages\/1931\/revisions"}],"predecessor-version":[{"id":1933,"href":"https:\/\/www.cabeatrice.com\/es\/wp-json\/wp\/v2\/pages\/1931\/revisions\/1933"}],"wp:attachment":[{"href":"https:\/\/www.cabeatrice.com\/es\/wp-json\/wp\/v2\/media?parent=1931"}],"curies":[{"name":"wp","href":"https:\/\/api.w.org\/{rel}","templated":true}]}}