{"id":1937,"date":"2025-09-08T12:39:58","date_gmt":"2025-09-08T10:39:58","guid":{"rendered":"https:\/\/www.cabeatrice.com\/lage\/"},"modified":"2025-09-15T15:06:54","modified_gmt":"2025-09-15T13:06:54","slug":"lage","status":"publish","type":"page","link":"https:\/\/www.cabeatrice.com\/de\/lage\/","title":{"rendered":"Lage"},"content":{"rendered":"<p>[vc_row full_width=&#8220;stretch_row_content&#8220;][vc_column]\n\t\t\t<!-- START Location REVOLUTION SLIDER 6.4.5 --><p class=\"rs-p-wp-fix\"><\/p>\n\t\t\t<rs-module-wrap id=\"rev_slider_5_1_wrapper\" data-source=\"gallery\" style=\"background:transparent;padding:0;\">\n\t\t\t\t<rs-module id=\"rev_slider_5_1\" style=\"\" data-version=\"6.4.5\">\n\t\t\t\t\t<rs-slides>\n\t\t\t\t\t\t<rs-slide data-key=\"rs-11\" data-title=\"Slide\" data-in=\"o:0;\" data-out=\"a:false;\">\n\t\t\t\t\t\t\t<img loading=\"lazy\" decoding=\"async\" src=\"\/\/www.cabeatrice.com\/wp-content\/uploads\/2025\/07\/CaBeatrice-DSC03583-copia.jpg\" title=\"CaBeatrice-DSC03583 copia\" width=\"2560\" height=\"1707\" class=\"rev-slidebg tp-rs-img\" data-no-retina>\n<!---->\t\t\t\t\t\t<\/rs-slide>\n\t\t\t\t\t<\/rs-slides>\n\t\t\t\t<\/rs-module>\n\t\t\t\t<script type=\"text\/javascript\">\n\t\t\t\t\tsetREVStartSize({c: 'rev_slider_5_1',rl:[1240,1024,778,480],el:[900],gw:[1240],gh:[900],type:'standard',justify:'',layout:'fullscreen',offsetContainer:'',offset:'',mh:\"0\"});\n\t\t\t\t\tvar\trevapi5,\n\t\t\t\t\t\ttpj;\n\t\t\t\t\tfunction revinit_revslider51() {\n\t\t\t\t\tjQuery(function() {\n\t\t\t\t\t\ttpj = jQuery;\n\t\t\t\t\t\trevapi5 = tpj(\"#rev_slider_5_1\");\n\t\t\t\t\t\tif(revapi5==undefined || revapi5.revolution == undefined){\n\t\t\t\t\t\t\trevslider_showDoubleJqueryError(\"rev_slider_5_1\");\n\t\t\t\t\t\t}else{\n\t\t\t\t\t\t\trevapi5.revolution({\n\t\t\t\t\t\t\t\tsliderLayout:\"fullscreen\",\n\t\t\t\t\t\t\t\tvisibilityLevels:\"1240,1024,778,480\",\n\t\t\t\t\t\t\t\tgridwidth:1240,\n\t\t\t\t\t\t\t\tgridheight:900,\n\t\t\t\t\t\t\t\tperspective:600,\n\t\t\t\t\t\t\t\tperspectiveType:\"global\",\n\t\t\t\t\t\t\t\teditorheight:\"900,768,960,720\",\n\t\t\t\t\t\t\t\tresponsiveLevels:\"1240,1024,778,480\",\n\t\t\t\t\t\t\t\tprogressBar:{disableProgressBar:true},\n\t\t\t\t\t\t\t\tnavigation: {\n\t\t\t\t\t\t\t\t\tonHoverStop:false\n\t\t\t\t\t\t\t\t},\n\t\t\t\t\t\t\t\tfallbacks: {\n\t\t\t\t\t\t\t\t\tallowHTML5AutoPlayOnAndroid:true\n\t\t\t\t\t\t\t\t},\n\t\t\t\t\t\t\t});\n\t\t\t\t\t\t}\n\t\t\t\t\t\t\n\t\t\t\t\t});\n\t\t\t\t\t} \/\/ End of RevInitScript\n\t\t\t\tvar once_revslider51 = false;\n\t\t\t\tif (document.readyState === \"loading\") {document.addEventListener('readystatechange',function() { if((document.readyState === \"interactive\" || document.readyState === \"complete\") && !once_revslider51 ) { once_revslider51 = true; revinit_revslider51();}});} else {once_revslider51 = true; revinit_revslider51();}\n\t\t\t\t<\/script>\n\t\t\t<\/rs-module-wrap>\n\t\t\t<!-- END REVOLUTION SLIDER -->\n[vc_raw_html]PGRpdiBjbGFzcz0iYXJyb3ctd3JhcHBlciI+PGRpdiBjbGFzcz0iYXJyb3ciPjwvZGl2PjwvZGl2Pg==[\/vc_raw_html][\/vc_column][\/vc_row][vc_row full_width=&#8220;stretch_row_content&#8220;][vc_column][vc_empty_space height=&#8220;100px&#8220;][vc_column_text]<\/p>\n<h1 style=\"text-align: center;\">LAGE<\/h1>\n<p>[\/vc_column_text][vc_empty_space height=&#8220;50px&#8220;][\/vc_column][\/vc_row][vc_row][vc_column][vc_column_text]<br \/>\n[\/vc_column_text][\/vc_column][\/vc_row][vc_row css=&#8220;.vc_custom_1547553006946{padding-top: 10px !important;padding-bottom: 50px !important;}&#8220;][vc_column][vc_column_text]<\/p>\n<p style=\"text-align: center;\">Das Ca&#8216; Beatrice befindet sich im historischen Zentrum von Venedig, im Stadtteil Dorsoduro, zwischen der Accademia und dem Campo Santa Margherita, in der Calle Lunga San Barnaba, nur 3 Gehminuten von der Vaporetto-Haltestelle Ca&#8216; Rezzonico entfernt, von der aus es leicht zu erreichen ist, ohne Br\u00fccken zu \u00fcberqueren.<\/p>\n<p>[\/vc_column_text][\/vc_column][\/vc_row][vc_row full_width=&#8220;stretch_row_content_no_spaces&#8220;][vc_column][vc_gmaps link=&#8220;#E-8_JTNDaWZyYW1lJTIwc3JjJTNEJTIyaHR0cHMlM0ElMkYlMkZ3d3cuZ29vZ2xlLmNvbSUyRm1hcHMlMkZlbWJlZCUzRnBiJTNEJTIxMW0xNCUyMTFtOCUyMTFtMyUyMTFkMTExOTguNjU1MjEwNzU1NTA1JTIxMmQxMi4zMjIwMDglMjEzZDQ1LjQzNjI3ODElMjEzbTIlMjExaTEwMjQlMjEyaTc2OCUyMTRmMTMuMSUyMTNtMyUyMTFtMiUyMTFzMHg0NzdlYjFjZWIzM2M4YmQ5JTI1M0EweGYxZmM4YWEyZjk2MWQ3ZTclMjEyc0NhJTI2JTIzMzklM0IlMjUyMEJlYXRyaWNlJTIxNWUwJTIxM20yJTIxMXNpdCUyMTJzaXQlMjE0djE3NTIxODU1NDEyOTElMjE1bTIlMjExc2l0JTIxMnNpdCUyMiUyMHdpZHRoJTNEJTIyNjAwJTIyJTIwaGVpZ2h0JTNEJTIyNDUwJTIyJTIwc3R5bGUlM0QlMjJib3JkZXIlM0EwJTNCJTIyJTIwYWxsb3dmdWxsc2NyZWVuJTNEJTIyJTIyJTIwbG9hZGluZyUzRCUyMmxhenklMjIlMjByZWZlcnJlcnBvbGljeSUzRCUyMm5vLXJlZmVycmVyLXdoZW4tZG93bmdyYWRlJTIyJTNFJTNDJTJGaWZyYW1lJTNF&#8220; size=&#8220;800px&#8220;][vc_empty_space height=&#8220;40px&#8220;][\/vc_column][\/vc_row][vc_row css=&#8220;.vc_custom_1547712153347{padding-top: 50px !important;padding-bottom: 50px !important;}&#8220;][vc_column][vc_column_text]<\/p>\n<h2 style=\"text-align: center;\">So erreichen Sie uns<\/h2>\n<p>[\/vc_column_text][\/vc_column][\/vc_row][vc_row full_width=&#8220;stretch_row_content&#8220; gap=&#8220;35&#8243; css=&#8220;.vc_custom_1547712291318{padding-bottom: 50px !important;}&#8220;][vc_column width=&#8220;1\/3&#8243; css=&#8220;.vc_custom_1624271879949{padding-top: 35px !important;padding-right: 35px !important;padding-bottom: 35px !important;padding-left: 35px !important;background-color: #f4f4f4 !important;}&#8220;][vc_icon icon_fontawesome=&#8220;fa fa-plane&#8220; color=&#8220;black&#8220; size=&#8220;xl&#8220; align=&#8220;center&#8220;][vc_column_text]<\/p>\n<h3 style=\"text-align: center;\">Flughafen<\/h3>\n<p style=\"text-align: center;\">Vom Flughafen \u201eMarco Polo\u201c in Venedig oder \u201eCanova\u201c in Treviso nehmen Sie den ACTV- oder ATVO-Shuttlebus zum Piazzale Roma. Nehmen Sie das Vaporetto Linie 1 und steigen Sie an der Haltestelle Ca&#8216; Rezzonico aus. Nehmen Sie die Calle del Traghetto, gehen Sie durch den Campo San Barnaba und nehmen Sie die Calle Lunga San Barnaba. Ca&#8216; Beatrice befindet sich etwa 50 Meter weiter an der Hausnummer 2727.<\/p>\n<p>[\/vc_column_text][\/vc_column][vc_column width=&#8220;1\/3&#8243; css=&#8220;.vc_custom_1624271891641{padding-top: 35px !important;padding-right: 35px !important;padding-bottom: 35px !important;padding-left: 35px !important;background-color: #f4f4f4 !important;}&#8220;][vc_icon icon_fontawesome=&#8220;fa fa-car&#8220; color=&#8220;black&#8220; size=&#8220;xl&#8220; align=&#8220;center&#8220;][vc_column_text]<\/p>\n<h3 style=\"text-align: center;\">Auto<\/h3>\n<p style=\"text-align: center;\">&#8222;Nehmen Sie auf der Autobahn A4 die Ausfahrt Venezia Mestre und folgen Sie den Schildern nach Venedig.<br \/>\nNachdem Sie die Br\u00fccke Ponte della Libert\u00e0 \u00fcberquert haben, parken Sie Ihr Auto in der Garage Comunale oder in der Garage San marco.<br \/>\nVom Piazzale Roma nehmen Sie das Vaporetto Linie 1 und steigen an der Haltestelle Ca&#8216; Rezzonico aus. Nach dem Aussteigen nehmen Sie die Calle del Traghetto, gehen Sie durch den Campo San Barnaba und nehmen Sie die Calle Lunga San Barnaba. Ca&#8216; Beatrice befindet sich etwa 50 Meter weiter an der Hausnummer 2727.&#8220;<\/p>\n<p>[\/vc_column_text][\/vc_column][vc_column width=&#8220;1\/3&#8243; css=&#8220;.vc_custom_1624271899316{padding-top: 35px !important;padding-right: 35px !important;padding-bottom: 35px !important;padding-left: 35px !important;background-color: #f4f4f4 !important;}&#8220;][vc_icon icon_fontawesome=&#8220;fa fa-train&#8220; color=&#8220;black&#8220; size=&#8220;xl&#8220; align=&#8220;center&#8220;][vc_column_text]<\/p>\n<h3 style=\"text-align: center;\">Bahnhof<\/h3>\n<p style=\"text-align: center;\">Wenn Sie am Bahnhof Santa Lucia ankommen, nehmen Sie das Vaporetto der Linie 1 und steigen an der Haltestelle Ca&#8216; Rezzonico aus. Nach dem Aussteigen nehmen Sie die Calle del Traghetto, gehen Sie durch den Campo San Barnaba und nehmen Sie die Calle Lunga San Barnaba. Ca&#8216; Beatrice befindet sich etwa 50 Meter weiter an der Nummer 2727.<\/p>\n<p>[\/vc_column_text][\/vc_column][\/vc_row]<\/p>\n","protected":false},"excerpt":{"rendered":"<p>[vc_row full_width=&#8220;stretch_row_content&#8220;][vc_column][vc_raw_html]PGRpdiBjbGFzcz0iYXJyb3ctd3JhcHBlciI+PGRpdiBjbGFzcz0iYXJyb3ciPjwvZGl2PjwvZGl2Pg==[\/vc_raw_html][\/vc_column][\/vc_row][vc_row full_width=&#8220;stretch_row_content&#8220;][vc_column][vc_empty_space height=&#8220;100px&#8220;][vc_column_text] LAGE [\/vc_column_text][vc_empty_space height=&#8220;50px&#8220;][\/vc_column][\/vc_row][vc_row][vc_column][vc_column_text] [\/vc_column_text][\/vc_column][\/vc_row][vc_row css=&#8220;.vc_custom_1547553006946{padding-top: 10px !important;padding-bottom: 50px !important;}&#8220;][vc_column][vc_column_text] Das Ca&#8216; Beatrice befindet sich im historischen Zentrum von Venedig, im Stadtteil Dorsoduro, zwischen der Accademia und dem Campo Santa Margherita, in der Calle Lunga San Barnaba, nur 3 Gehminuten von der Vaporetto-Haltestelle Ca&#8216; Rezzonico entfernt, von der aus es leicht zu&hellip;<\/p>\n","protected":false},"author":1,"featured_media":0,"parent":0,"menu_order":0,"comment_status":"closed","ping_status":"closed","template":"","meta":[],"_links":{"self":[{"href":"https:\/\/www.cabeatrice.com\/de\/wp-json\/wp\/v2\/pages\/1937"}],"collection":[{"href":"https:\/\/www.cabeatrice.com\/de\/wp-json\/wp\/v2\/pages"}],"about":[{"href":"https:\/\/www.cabeatrice.com\/de\/wp-json\/wp\/v2\/types\/page"}],"author":[{"embeddable":true,"href":"https:\/\/www.cabeatrice.com\/de\/wp-json\/wp\/v2\/users\/1"}],"replies":[{"embeddable":true,"href":"https:\/\/www.cabeatrice.com\/de\/wp-json\/wp\/v2\/comments?post=1937"}],"version-history":[{"count":3,"href":"https:\/\/www.cabeatrice.com\/de\/wp-json\/wp\/v2\/pages\/1937\/revisions"}],"predecessor-version":[{"id":1981,"href":"https:\/\/www.cabeatrice.com\/de\/wp-json\/wp\/v2\/pages\/1937\/revisions\/1981"}],"wp:attachment":[{"href":"https:\/\/www.cabeatrice.com\/de\/wp-json\/wp\/v2\/media?parent=1937"}],"curies":[{"name":"wp","href":"https:\/\/api.w.org\/{rel}","templated":true}]}}